{"id":91,"date":"2024-02-10T22:52:32","date_gmt":"2024-02-10T21:52:32","guid":{"rendered":"https:\/\/bnb-lemariage.fr\/?page_id=91"},"modified":"2024-02-10T22:52:32","modified_gmt":"2024-02-10T21:52:32","slug":"hebergements","status":"publish","type":"page","link":"https:\/\/bnb-lemariage.fr\/index.php\/hebergements\/","title":{"rendered":"H\u00e9bergements :"},"content":{"rendered":"\n<p>Vous avez besoin d&#8217;un h\u00e9bergement dans le coin du Ch\u00e2teau de Vaux ? Voici une petite liste  de quelques suggestions qui pourra vous aider :<\/p>\n\n\n\n<h2 class=\"wp-block-heading\">H\u00f4tels :<\/h2>\n\n\n\n<p><strong>H\u00f4tel Relai Paris-B\u00e2le => 13 km<\/strong><br>*** &#8211; Lusigny-sur-Barse<\/p>\n\n\n\n<p><strong>Le Val Moret => 13,9 km<\/strong><br>*** &#8211; Magnant<\/p>\n\n\n\n<p><strong>Logis Aux Maisons => 14,8 km<\/strong><br>*** &#8211; Maisons les Chaources<\/p>\n\n\n\n<p>Et de nombreux deux \u00e9toiles dans l&#8217;agglo troyenne (\u00b1 25km)<\/p>\n\n\n\n<h2 class=\"wp-block-heading\">G\u00eetes :<\/h2>\n\n\n\n<p><strong>Les Cabanes d&#8217;H\u00e9rande => 3,3km<\/strong><br>Fouch\u00e8res<\/p>\n\n\n\n<p><strong>Les Moulins de Chappes => 4,9km<\/strong><br>Chappes<\/p>\n\n\n\n<p><strong>Ch\u00e2teau de Villemorien => 5,1km<\/strong><br>Villemorien<\/p>\n\n\n\n<p><strong>Esprit de Famille => 5,8km<\/strong><br>Landreville<\/p>\n\n\n\n<p><strong>La Maison de Louna => 5,8km<\/strong><br>St-Parres-les-Vaudes<\/p>\n\n\n\n<h2 class=\"wp-block-heading\">AirBnB :<\/h2>\n\n\n\n<p><strong><a href=\"https:\/\/www.airbnb.fr\/s\/Ch%C3%A2teau-de-Vaux-en-champagne--Fontaine-aux-Dames--Fouch%C3%A8res--France\/homes?tab_id=home_tab&amp;refinement_paths%5B%5D=%2Fhomes&amp;flexible_trip_lengths%5B%5D=one_week&amp;monthly_start_date=2024-03-01&amp;monthly_length=3&amp;monthly_end_date=2024-06-01&amp;price_filter_input_type=0&amp;channel=EXPLORE&amp;query=Ch%C3%A2teau%20de%20Vaux%20en%20champagne%2C%20Fontaine%20aux%20Dames%2C%20Fouch%C3%A8res&amp;place_id=ChIJ55gFgtko7EcRwKyR0G8TmPg&amp;date_picker_type=calendar&amp;checkin=2024-07-13&amp;checkout=2024-07-14&amp;source=structured_search_input_header&amp;search_type=autocomplete_click\" target=\"_blank\" rel=\"noreferrer noopener\">Plein de possibilit\u00e9s, suffit de cliquer par ici.<\/a><\/strong><\/p>\n","protected":false},"excerpt":{"rendered":"<p>Vous avez besoin d&#8217;un h\u00e9bergement dans le coin du Ch\u00e2teau de Vaux ? Voici une petite liste de quelques suggestions qui pourra vous aider : H\u00f4tels : H\u00f4tel Relai Paris-B\u00e2le => 13 km*** &#8211; Lusigny-sur-Barse Le Val Moret => 13,9 km*** &#8211; Magnant Logis Aux Maisons => 14,8 km*** &#8211; Maisons les Chaources Et de &hellip; <\/p>\n<p class=\"link-more\"><a href=\"https:\/\/bnb-lemariage.fr\/index.php\/hebergements\/\" class=\"more-link\">Continue reading<span class=\"screen-reader-text\"> &#8220;H\u00e9bergements :&#8221;<\/span><\/a><\/p>\n","protected":false},"author":1,"featured_media":0,"parent":0,"menu_order":0,"comment_status":"closed","ping_status":"closed","template":"","meta":{"footnotes":""},"class_list":["post-91","page","type-page","status-publish","hentry"],"_links":{"self":[{"href":"https:\/\/bnb-lemariage.fr\/index.php\/wp-json\/wp\/v2\/pages\/91","targetHints":{"allow":["GET"]}}],"collection":[{"href":"https:\/\/bnb-lemariage.fr\/index.php\/wp-json\/wp\/v2\/pages"}],"about":[{"href":"https:\/\/bnb-lemariage.fr\/index.php\/wp-json\/wp\/v2\/types\/page"}],"author":[{"embeddable":true,"href":"https:\/\/bnb-lemariage.fr\/index.php\/wp-json\/wp\/v2\/users\/1"}],"replies":[{"embeddable":true,"href":"https:\/\/bnb-lemariage.fr\/index.php\/wp-json\/wp\/v2\/comments?post=91"}],"version-history":[{"count":2,"href":"https:\/\/bnb-lemariage.fr\/index.php\/wp-json\/wp\/v2\/pages\/91\/revisions"}],"predecessor-version":[{"id":93,"href":"https:\/\/bnb-lemariage.fr\/index.php\/wp-json\/wp\/v2\/pages\/91\/revisions\/93"}],"wp:attachment":[{"href":"https:\/\/bnb-lemariage.fr\/index.php\/wp-json\/wp\/v2\/media?parent=91"}],"curies":[{"name":"wp","href":"https:\/\/api.w.org\/{rel}","templated":true}]}}