{"id":9,"date":"2024-02-05T17:14:22","date_gmt":"2024-02-05T16:14:22","guid":{"rendered":"http:\/\/bnb-lemariage.fr\/?page_id=9"},"modified":"2024-02-10T22:52:57","modified_gmt":"2024-02-10T21:52:57","slug":"a-propos-de","status":"publish","type":"page","link":"https:\/\/bnb-lemariage.fr\/index.php\/a-propos-de\/","title":{"rendered":"Le mariage"},"content":{"rendered":"\n<p>Nous vous donnons donc rendez-vous le <strong>Samedi 13 Juillet 2024<\/strong>. Le rendez-vous est donn\u00e9 directement au <strong>Ch\u00e2teau de Vaux<\/strong> \u00e0 Fouch\u00e8res dans l&#8217;Aube. Un superbe lieu, suffisamment grand pour tous vous accueillir dans un d\u00e9cor qui sied parfaitement \u00e0 une telle occasion !<\/p>\n\n\n\n<figure class=\"wp-block-image size-large\"><img loading=\"lazy\" decoding=\"async\" width=\"1024\" height=\"747\" src=\"https:\/\/bnb-lemariage.fr\/wp-content\/uploads\/2024\/02\/image-1024x747.png\" alt=\"\" class=\"wp-image-86\" srcset=\"https:\/\/bnb-lemariage.fr\/wp-content\/uploads\/2024\/02\/image-1024x747.png 1024w, https:\/\/bnb-lemariage.fr\/wp-content\/uploads\/2024\/02\/image-300x219.png 300w, https:\/\/bnb-lemariage.fr\/wp-content\/uploads\/2024\/02\/image-768x560.png 768w, https:\/\/bnb-lemariage.fr\/wp-content\/uploads\/2024\/02\/image.png 1234w\" sizes=\"auto, (max-width: 767px) 89vw, (max-width: 1000px) 54vw, (max-width: 1071px) 543px, 580px\" \/><\/figure>\n\n\n\n<div class=\"wp-block-columns is-layout-flex wp-container-core-columns-is-layout-9d6595d7 wp-block-columns-is-layout-flex\">\n<div class=\"wp-block-column is-layout-flow wp-block-column-is-layout-flow\">\n<h3 class=\"wp-block-heading\">Par le train<\/h3>\n\n\n\n<p>Le Ch\u00e2teau de Vaux se trouve \u00e0 28 km de la gare de Troyes, via la D671.<\/p>\n\n\n\n<ul class=\"wp-block-list\">\n<li>Depuis Paris, en TER direct 1h30<\/li>\n\n\n\n<li>Depuis Reims, en TGV \/ TER avec correspondances<\/li>\n\n\n\n<li>Depuis Dijon, en TGV \/ TER avec correspondance<\/li>\n<\/ul>\n<\/div>\n\n\n\n<div class=\"wp-block-column is-layout-flow wp-block-column-is-layout-flow\">\n<h3 class=\"wp-block-heading\">En voiture<\/h3>\n\n\n\n<p>Parking gratuit au Ch\u00e2teau de Vaux.<\/p>\n\n\n\n<ul class=\"wp-block-list\">\n<li>Depuis Troyes, via la D671 \u2013 35 min (27 km)<\/li>\n\n\n\n<li>Depuis Paris, via la A5 \u2013 2h20 (200 km)<\/li>\n\n\n\n<li>Depuis Reims, via la A6 \u2013 1h35 (150 km)<\/li>\n\n\n\n<li>Depuis Dijon, via la A31 et A5 \u2013 1h48 (169 km)<\/li>\n<\/ul>\n<\/div>\n\n\n\n<div class=\"wp-block-column is-layout-flow wp-block-column-is-layout-flow\">\n<p>JM Nuleng\u00e9o<\/p>\n\n\n\n<p>Coordonn\u00e9es GPS :<br>48.144131, 4.276642<\/p>\n\n\n\n<p>Lien GoogleMaps :<br>47F6+VW Fouch\u00e8res<\/p>\n<\/div>\n<\/div>\n\n\n\n<p>Nous vous attendons \u00e0 <strong>16h<\/strong> pour commencer par la premi\u00e8re \u00e9tape et une c\u00e9r\u00e9monie la\u00efque qui se d\u00e9roulera sur place.<br>Nous passerons ensuite au vin d&#8217;honneur avant de passer \u00e0 table et de danser toute la nuit !<\/p>\n\n\n\n<p>Pour que tout se pr\u00e9pare bien, merci de nous confirmer au plus vite votre venue.<strong> <\/strong><\/p>\n\n\n\n<p class=\"has-text-align-center has-vivid-red-color has-text-color has-link-color wp-elements-57632399949cc58cb1ebe9faf3921731\"><strong><a href=\"https:\/\/bnb-lemariage.fr\/index.php\/ma-reponse-a-linvitation\/\" data-type=\"link\" data-id=\"https:\/\/bnb-lemariage.fr\/index.php\/ma-reponse-a-linvitation\/\">Le plus simple est de remplir le formulaire que vous retrouverez ici.<\/a><\/strong><\/p>\n\n\n\n<p>Si vous avez besoin d&#8217;un h\u00e9bergement dans le coin, <a href=\"https:\/\/bnb-lemariage.fr\/index.php\/hebergements\/\" data-type=\"link\" data-id=\"https:\/\/bnb-lemariage.fr\/index.php\/hebergements\/\">nous vous proposons cette liste dans les environs. Ne tardez pas \u00e0 r\u00e9server !<\/a><\/p>\n\n\n\n<p class=\"has-text-align-center has-luminous-vivid-amber-color has-text-color has-link-color wp-elements-874f0314b110a8c6e664d193a3d86cc6\"><strong><a href=\"https:\/\/bnb-lemariage.fr\/index.php\/le-theme-et-le-dress-code\/\" data-type=\"link\" data-id=\"https:\/\/bnb-lemariage.fr\/index.php\/le-theme-et-le-dress-code\/\">Pour ce qui est du th\u00e8me (ce qui est un bien grand mot vous allez voir) et de vos \u00e9ventuelles questions sur le dress-code, c&#8217;est par l\u00e0.<\/a><\/strong><\/p>\n","protected":false},"excerpt":{"rendered":"<p>Nous vous donnons donc rendez-vous le Samedi 13 Juillet 2024. Le rendez-vous est donn\u00e9 directement au Ch\u00e2teau de Vaux \u00e0 Fouch\u00e8res dans l&#8217;Aube. Un superbe lieu, suffisamment grand pour tous vous accueillir dans un d\u00e9cor qui sied parfaitement \u00e0 une telle occasion ! Par le train Le Ch\u00e2teau de Vaux se trouve \u00e0 28 km &hellip; <\/p>\n<p class=\"link-more\"><a href=\"https:\/\/bnb-lemariage.fr\/index.php\/a-propos-de\/\" class=\"more-link\">Continue reading<span class=\"screen-reader-text\"> &#8220;Le mariage&#8221;<\/span><\/a><\/p>\n","protected":false},"author":1,"featured_media":47,"parent":0,"menu_order":0,"comment_status":"closed","ping_status":"closed","template":"","meta":{"footnotes":""},"class_list":["post-9","page","type-page","status-publish","has-post-thumbnail","hentry"],"_links":{"self":[{"href":"https:\/\/bnb-lemariage.fr\/index.php\/wp-json\/wp\/v2\/pages\/9","targetHints":{"allow":["GET"]}}],"collection":[{"href":"https:\/\/bnb-lemariage.fr\/index.php\/wp-json\/wp\/v2\/pages"}],"about":[{"href":"https:\/\/bnb-lemariage.fr\/index.php\/wp-json\/wp\/v2\/types\/page"}],"author":[{"embeddable":true,"href":"https:\/\/bnb-lemariage.fr\/index.php\/wp-json\/wp\/v2\/users\/1"}],"replies":[{"embeddable":true,"href":"https:\/\/bnb-lemariage.fr\/index.php\/wp-json\/wp\/v2\/comments?post=9"}],"version-history":[{"count":11,"href":"https:\/\/bnb-lemariage.fr\/index.php\/wp-json\/wp\/v2\/pages\/9\/revisions"}],"predecessor-version":[{"id":94,"href":"https:\/\/bnb-lemariage.fr\/index.php\/wp-json\/wp\/v2\/pages\/9\/revisions\/94"}],"wp:featuredmedia":[{"embeddable":true,"href":"https:\/\/bnb-lemariage.fr\/index.php\/wp-json\/wp\/v2\/media\/47"}],"wp:attachment":[{"href":"https:\/\/bnb-lemariage.fr\/index.php\/wp-json\/wp\/v2\/media?parent=9"}],"curies":[{"name":"wp","href":"https:\/\/api.w.org\/{rel}","templated":true}]}}