{"id":67,"date":"2024-02-10T22:11:19","date_gmt":"2024-02-10T21:11:19","guid":{"rendered":"https:\/\/bnb-lemariage.fr\/?page_id=67"},"modified":"2024-02-10T22:11:36","modified_gmt":"2024-02-10T21:11:36","slug":"on-vient","status":"publish","type":"page","link":"https:\/\/bnb-lemariage.fr\/index.php\/on-vient\/","title":{"rendered":"On vient !"},"content":{"rendered":"\n<p>Super nouvelle ! Maintenant il reste pleins de d\u00e9tails \u00e0 voir ensemble. Vous avez juste \u00e0 remplir le formulaire ci-dessous (et on vous passe un mail pour accuser r\u00e9ception).<\/p>\n\n\n<p><iframe loading=\"lazy\" src=\"https:\/\/docs.google.com\/forms\/d\/e\/1FAIpQLSdyklfylaDFouh45r7nk5mFHvKs9CEKysgzQzBEpMLdkC3uBA\/viewform?embedded=true\" width=\"640\" height=\"1500\" frameborder=\"0\" marginheight=\"0\" marginwidth=\"0\">Chargement\u2026<\/iframe><\/p>\n","protected":false},"excerpt":{"rendered":"<p>Super nouvelle ! Maintenant il reste pleins de d\u00e9tails \u00e0 voir ensemble. Vous avez juste \u00e0 remplir le formulaire ci-dessous (et on vous passe un mail pour accuser r\u00e9ception).<\/p>\n","protected":false},"author":1,"featured_media":0,"parent":0,"menu_order":0,"comment_status":"closed","ping_status":"closed","template":"","meta":{"footnotes":""},"class_list":["post-67","page","type-page","status-publish","hentry"],"_links":{"self":[{"href":"https:\/\/bnb-lemariage.fr\/index.php\/wp-json\/wp\/v2\/pages\/67","targetHints":{"allow":["GET"]}}],"collection":[{"href":"https:\/\/bnb-lemariage.fr\/index.php\/wp-json\/wp\/v2\/pages"}],"about":[{"href":"https:\/\/bnb-lemariage.fr\/index.php\/wp-json\/wp\/v2\/types\/page"}],"author":[{"embeddable":true,"href":"https:\/\/bnb-lemariage.fr\/index.php\/wp-json\/wp\/v2\/users\/1"}],"replies":[{"embeddable":true,"href":"https:\/\/bnb-lemariage.fr\/index.php\/wp-json\/wp\/v2\/comments?post=67"}],"version-history":[{"count":2,"href":"https:\/\/bnb-lemariage.fr\/index.php\/wp-json\/wp\/v2\/pages\/67\/revisions"}],"predecessor-version":[{"id":70,"href":"https:\/\/bnb-lemariage.fr\/index.php\/wp-json\/wp\/v2\/pages\/67\/revisions\/70"}],"wp:attachment":[{"href":"https:\/\/bnb-lemariage.fr\/index.php\/wp-json\/wp\/v2\/media?parent=67"}],"curies":[{"name":"wp","href":"https:\/\/api.w.org\/{rel}","templated":true}]}}